{"id":3277,"date":"2023-05-11T11:09:26","date_gmt":"2023-05-11T09:09:26","guid":{"rendered":"https:\/\/www.ccrb63.fr\/wp\/?page_id=3277"},"modified":"2023-05-11T11:09:27","modified_gmt":"2023-05-11T09:09:27","slug":"ccrb-aide-openrunner","status":"publish","type":"page","link":"https:\/\/www.ccrb63.fr\/wp\/?page_id=3277","title":{"rendered":"CCRB : Aide OpenRunner"},"content":{"rendered":"Tous les articles pr\u00e9c\u00e9d\u00e9s de CCRB sont r\u00e9serv\u00e9s aux inscrits. Voir : Menu -> Club-CCRB -> Connexion CCRB","protected":false},"excerpt":{"rendered":"<p>Tous les articles pr\u00e9c\u00e9d\u00e9s de CCRB sont r\u00e9serv\u00e9s aux inscrits. Voir : Menu -> Club-CCRB -> Connexion CCRB<\/p>\n","protected":false},"author":2,"featured_media":0,"parent":0,"menu_order":0,"comment_status":"closed","ping_status":"closed","template":"","meta":{"saved_in_kubio":false,"ngg_post_thumbnail":0,"footnotes":""},"class_list":["post-3277","page","type-page","status-publish","hentry"],"kubio_ai_page_context":{"short_desc":"","purpose":"general"},"_links":{"self":[{"href":"https:\/\/www.ccrb63.fr\/wp\/index.php?rest_route=\/wp\/v2\/pages\/3277","targetHints":{"allow":["GET"]}}],"collection":[{"href":"https:\/\/www.ccrb63.fr\/wp\/index.php?rest_route=\/wp\/v2\/pages"}],"about":[{"href":"https:\/\/www.ccrb63.fr\/wp\/index.php?rest_route=\/wp\/v2\/types\/page"}],"author":[{"embeddable":true,"href":"https:\/\/www.ccrb63.fr\/wp\/index.php?rest_route=\/wp\/v2\/users\/2"}],"replies":[{"embeddable":true,"href":"https:\/\/www.ccrb63.fr\/wp\/index.php?rest_route=%2Fwp%2Fv2%2Fcomments&post=3277"}],"version-history":[{"count":1,"href":"https:\/\/www.ccrb63.fr\/wp\/index.php?rest_route=\/wp\/v2\/pages\/3277\/revisions"}],"predecessor-version":[{"id":3278,"href":"https:\/\/www.ccrb63.fr\/wp\/index.php?rest_route=\/wp\/v2\/pages\/3277\/revisions\/3278"}],"wp:attachment":[{"href":"https:\/\/www.ccrb63.fr\/wp\/index.php?rest_route=%2Fwp%2Fv2%2Fmedia&parent=3277"}],"curies":[{"name":"wp","href":"https:\/\/api.w.org\/{rel}","templated":true}]}}