{"id":2383,"date":"2021-07-17T15:43:34","date_gmt":"2021-07-17T13:43:34","guid":{"rendered":"https:\/\/www.ccrb63.fr\/wp\/?page_id=2383"},"modified":"2021-07-17T15:55:06","modified_gmt":"2021-07-17T13:55:06","slug":"sites-internet-a-visiter","status":"publish","type":"page","link":"https:\/\/www.ccrb63.fr\/wp\/?page_id=2383","title":{"rendered":"Sites internet \u00e0 visiter"},"content":{"rendered":"\n<h3>Signaler les sites internet sugg\u00e9rant des randonn\u00e9es.<\/h3>\n<ul>\n<li><a href=\"https:\/\/www.francevelotourisme.com\/\" target=\"_blank\" rel=\"noopener\">France V\u00e9lo Tourisme<\/a> &#8211; voyager en France (avec une page Auvergne &#8211; Rh\u00f4ne-Alpes).<\/li>\n<\/ul>\n<p>&nbsp;<\/p>\n","protected":false},"excerpt":{"rendered":"<p>Signaler les sites internet sugg\u00e9rant des randonn\u00e9es. France V\u00e9lo Tourisme &#8211; voyager en France (avec une page Auvergne &#8211; Rh\u00f4ne-Alpes). &nbsp;<\/p>\n","protected":false},"author":2,"featured_media":0,"parent":0,"menu_order":0,"comment_status":"closed","ping_status":"closed","template":"","meta":{"saved_in_kubio":false,"ngg_post_thumbnail":0,"footnotes":""},"class_list":["post-2383","page","type-page","status-publish","hentry"],"kubio_ai_page_context":{"short_desc":"","purpose":"general"},"_links":{"self":[{"href":"https:\/\/www.ccrb63.fr\/wp\/index.php?rest_route=\/wp\/v2\/pages\/2383","targetHints":{"allow":["GET"]}}],"collection":[{"href":"https:\/\/www.ccrb63.fr\/wp\/index.php?rest_route=\/wp\/v2\/pages"}],"about":[{"href":"https:\/\/www.ccrb63.fr\/wp\/index.php?rest_route=\/wp\/v2\/types\/page"}],"author":[{"embeddable":true,"href":"https:\/\/www.ccrb63.fr\/wp\/index.php?rest_route=\/wp\/v2\/users\/2"}],"replies":[{"embeddable":true,"href":"https:\/\/www.ccrb63.fr\/wp\/index.php?rest_route=%2Fwp%2Fv2%2Fcomments&post=2383"}],"version-history":[{"count":4,"href":"https:\/\/www.ccrb63.fr\/wp\/index.php?rest_route=\/wp\/v2\/pages\/2383\/revisions"}],"predecessor-version":[{"id":2390,"href":"https:\/\/www.ccrb63.fr\/wp\/index.php?rest_route=\/wp\/v2\/pages\/2383\/revisions\/2390"}],"wp:attachment":[{"href":"https:\/\/www.ccrb63.fr\/wp\/index.php?rest_route=%2Fwp%2Fv2%2Fmedia&parent=2383"}],"curies":[{"name":"wp","href":"https:\/\/api.w.org\/{rel}","templated":true}]}}