{"id":1874,"date":"2020-04-25T16:53:46","date_gmt":"2020-04-25T14:53:46","guid":{"rendered":"http:\/\/www.ccrb63.fr\/wp\/?page_id=1874"},"modified":"2020-04-26T11:13:03","modified_gmt":"2020-04-26T09:13:03","slug":"menu-ccrb","status":"publish","type":"page","link":"https:\/\/www.ccrb63.fr\/wp\/?page_id=1874","title":{"rendered":"CCRB"},"content":{"rendered":"\n<p>Acc\u00e8s r\u00e9serv\u00e9 au membres du CCRB inscrits sur le site.<\/p>\n\n\n","protected":false},"excerpt":{"rendered":"<p>Acc\u00e8s r\u00e9serv\u00e9 au membres du CCRB inscrits sur le site.<\/p>\n","protected":false},"author":1,"featured_media":0,"parent":0,"menu_order":0,"comment_status":"closed","ping_status":"closed","template":"","meta":{"saved_in_kubio":false,"ngg_post_thumbnail":0,"footnotes":""},"class_list":["post-1874","page","type-page","status-publish","hentry"],"kubio_ai_page_context":{"short_desc":"","purpose":"general"},"_links":{"self":[{"href":"https:\/\/www.ccrb63.fr\/wp\/index.php?rest_route=\/wp\/v2\/pages\/1874","targetHints":{"allow":["GET"]}}],"collection":[{"href":"https:\/\/www.ccrb63.fr\/wp\/index.php?rest_route=\/wp\/v2\/pages"}],"about":[{"href":"https:\/\/www.ccrb63.fr\/wp\/index.php?rest_route=\/wp\/v2\/types\/page"}],"author":[{"embeddable":true,"href":"https:\/\/www.ccrb63.fr\/wp\/index.php?rest_route=\/wp\/v2\/users\/1"}],"replies":[{"embeddable":true,"href":"https:\/\/www.ccrb63.fr\/wp\/index.php?rest_route=%2Fwp%2Fv2%2Fcomments&post=1874"}],"version-history":[{"count":3,"href":"https:\/\/www.ccrb63.fr\/wp\/index.php?rest_route=\/wp\/v2\/pages\/1874\/revisions"}],"predecessor-version":[{"id":2158,"href":"https:\/\/www.ccrb63.fr\/wp\/index.php?rest_route=\/wp\/v2\/pages\/1874\/revisions\/2158"}],"wp:attachment":[{"href":"https:\/\/www.ccrb63.fr\/wp\/index.php?rest_route=%2Fwp%2Fv2%2Fmedia&parent=1874"}],"curies":[{"name":"wp","href":"https:\/\/api.w.org\/{rel}","templated":true}]}}