{"id":1623,"date":"2024-03-16T16:24:54","date_gmt":"2024-03-16T15:24:54","guid":{"rendered":"http:\/\/www.ccrb63.fr\/wp\/?page_id=1623"},"modified":"2024-03-16T16:24:55","modified_gmt":"2024-03-16T15:24:55","slug":"retrouvez-nous","status":"publish","type":"page","link":"https:\/\/www.ccrb63.fr\/wp\/?page_id=1623","title":{"rendered":"Retrouvez-nous"},"content":{"rendered":"\n<div class=\"textwidget custom-html-widget\"><span style=\"color: #000000;\"> Le rendez-vous hebdomadaire du dimanche matin est fix\u00e9 au <strong>Centre Commercial Le Gergovial<\/strong> (N 45\u00b041&rsquo;24.1&Prime; E 002\u00b059&rsquo;05.6&Prime;) \u00e0 La Roche-Blanche, selon conditions m\u00e9t\u00e9orologiques. <\/span><\/div>\n<div class=\"textwidget custom-html-widget\"><span style=\"color: #000000;\"><strong>\u00a0<\/strong><\/span><\/div>\n<div>Le d\u00e9part des sorties <strong>cyclo<\/strong> est fix\u00e9 selon la saison.<\/div>\n<div>Le d\u00e9part des sorties <strong>VTT <\/strong>est fix\u00e9 \u00e0 9h toute l&rsquo;ann\u00e9e.<\/div>\n<div>\u00a0<\/div>\n<div><span style=\"color: #000000;\">Contacts pour le <a style=\"color: #000000;\" href=\"mailto:cathlrb63@aol.com\"><span style=\"color: #0000ff;\">cyclotourisme<\/span><\/a> et le<span style=\"color: #0000ff;\"> <a style=\"color: #0000ff;\" href=\"mailto:ccqpeysson@aol.com\">VTT.<\/a><\/span><br \/><\/span><\/div>\n<div>\u00a0<\/div>\n<div>Contact <a href=\"mailto:contact@ccrb63.fr\">site<\/a>.<\/div>\n<div>\u00a0<\/div>\n<div><a href=\"http:\/\/www.meteofrance.com\/previsions-meteo-france\/la-roche-blanche\/63670\"><strong>M\u00e9t\u00e9o<\/strong><\/a><\/div>\n","protected":false},"excerpt":{"rendered":"<p>Le rendez-vous hebdomadaire du dimanche matin est fix\u00e9 au Centre Commercial Le Gergovial (N 45\u00b041&rsquo;24.1&Prime; E 002\u00b059&rsquo;05.6&Prime;) \u00e0 La Roche-Blanche, selon conditions m\u00e9t\u00e9orologiques. \u00a0 Le d\u00e9part des sorties cyclo est fix\u00e9 selon la saison. Le d\u00e9part des sorties VTT est fix\u00e9 \u00e0 9h toute l&rsquo;ann\u00e9e. \u00a0 Contacts pour le cyclotourisme et le VTT. \u00a0 Contact [&hellip;]<\/p>\n","protected":false},"author":1,"featured_media":0,"parent":0,"menu_order":0,"comment_status":"closed","ping_status":"closed","template":"","meta":{"saved_in_kubio":false,"ngg_post_thumbnail":0,"footnotes":""},"class_list":["post-1623","page","type-page","status-publish","hentry"],"kubio_ai_page_context":{"short_desc":"","purpose":"general"},"_links":{"self":[{"href":"https:\/\/www.ccrb63.fr\/wp\/index.php?rest_route=\/wp\/v2\/pages\/1623","targetHints":{"allow":["GET"]}}],"collection":[{"href":"https:\/\/www.ccrb63.fr\/wp\/index.php?rest_route=\/wp\/v2\/pages"}],"about":[{"href":"https:\/\/www.ccrb63.fr\/wp\/index.php?rest_route=\/wp\/v2\/types\/page"}],"author":[{"embeddable":true,"href":"https:\/\/www.ccrb63.fr\/wp\/index.php?rest_route=\/wp\/v2\/users\/1"}],"replies":[{"embeddable":true,"href":"https:\/\/www.ccrb63.fr\/wp\/index.php?rest_route=%2Fwp%2Fv2%2Fcomments&post=1623"}],"version-history":[{"count":20,"href":"https:\/\/www.ccrb63.fr\/wp\/index.php?rest_route=\/wp\/v2\/pages\/1623\/revisions"}],"predecessor-version":[{"id":3444,"href":"https:\/\/www.ccrb63.fr\/wp\/index.php?rest_route=\/wp\/v2\/pages\/1623\/revisions\/3444"}],"wp:attachment":[{"href":"https:\/\/www.ccrb63.fr\/wp\/index.php?rest_route=%2Fwp%2Fv2%2Fmedia&parent=1623"}],"curies":[{"name":"wp","href":"https:\/\/api.w.org\/{rel}","templated":true}]}}