{"id":1529,"date":"2024-05-22T20:41:52","date_gmt":"2024-05-22T18:41:52","guid":{"rendered":"http:\/\/www.ccrb63.fr\/wp\/?page_id=1529"},"modified":"2024-05-22T20:41:52","modified_gmt":"2024-05-22T18:41:52","slug":"page-accueil","status":"publish","type":"page","link":"https:\/\/www.ccrb63.fr\/wp\/?page_id=1529","title":{"rendered":"Cyclo-Club La Roche-Blanche"},"content":{"rendered":"\n<p>2024 : une nouvelle ann\u00e9e s&rsquo;ouvre et chacun a en t\u00eate de nouveaux challenges, des r\u00eaves de kilom\u00e8tres \u00e0 parcourir sur les routes, les chemins et les sentiers. Nous souhaitons \u00e0 chacun et chacune de trouver son plaisir dans des randonn\u00e9es partag\u00e9es dans une nature pr\u00e9serv\u00e9e.<\/p>\n<h2 style=\"text-align: center;\"><strong>16 juin : 32\u00e8 Gergovienne&nbsp; Cyclo et VTT<\/strong><\/h2>\n<p><img loading=\"lazy\" decoding=\"async\" class=\"alignnone size-full wp-image-3496\" src=\"https:\/\/www.ccrb63.fr\/wp\/wp-content\/uploads\/2024\/05\/Affiche-La-Gergovienne.jpg\" alt=\"\" width=\"1414\" height=\"2000\" srcset=\"https:\/\/www.ccrb63.fr\/wp\/wp-content\/uploads\/2024\/05\/Affiche-La-Gergovienne.jpg 1414w, https:\/\/www.ccrb63.fr\/wp\/wp-content\/uploads\/2024\/05\/Affiche-La-Gergovienne-212x300.jpg 212w, https:\/\/www.ccrb63.fr\/wp\/wp-content\/uploads\/2024\/05\/Affiche-La-Gergovienne-724x1024.jpg 724w, https:\/\/www.ccrb63.fr\/wp\/wp-content\/uploads\/2024\/05\/Affiche-La-Gergovienne-768x1086.jpg 768w, https:\/\/www.ccrb63.fr\/wp\/wp-content\/uploads\/2024\/05\/Affiche-La-Gergovienne-1086x1536.jpg 1086w, https:\/\/www.ccrb63.fr\/wp\/wp-content\/uploads\/2024\/05\/Affiche-La-Gergovienne-1200x1697.jpg 1200w\" sizes=\"(max-width: 1414px) 100vw, 1414px\" \/><\/p>\n<p>Affiche Gergovienne 2024<\/p>\n<p>&nbsp;<\/p>\n<p>Retrouvez tous les d\u00e9tails sur l&rsquo;acc\u00e8s et les circuits :<\/p>\n<p><a href=\"https:\/\/www.ccrb63.fr\/wp\/?p=3463\" target=\"_blank\" rel=\"noopener\">Gergovienne 2024<\/a><\/p>\n<p>Inscrivez-vous d\u00e8s maintenant :<\/p>\n<p><a href=\"https:\/\/cyclo-club-de-la-roche-blanche.s2.yapla.com\/fr\/event-53779\" target=\"_blank\" rel=\"noopener\">S&rsquo;inscrire<\/a><\/p>\n<p>&nbsp;<\/p>\n<p>&nbsp;<\/p>\n<p>&nbsp;<\/p>\n<p>&nbsp;<\/p>\n<p>&nbsp;<\/p>\n<p>&nbsp;<\/p>\n<p>&nbsp;<\/p>\n<h3 style=\"text-align: right;\">Retrouvez votre participation 2023 et les <a href=\"https:\/\/www.ccrb63.fr\/wp\/?p=2774\" target=\"_blank\" rel=\"noopener\">photos<\/a>.<\/h3>\n<div style=\"text-align: center;\"><\/div>\n<h3 style=\"text-align: center;\"><a href=\"https:\/\/www.ccrb63.fr\/wp\/?page_id=1623\" target=\"_blank\" rel=\"noopener\">Rendez-vous et calendrier du CCRB<\/a><\/h3>\n\n\n\n<h3 style=\"text-align: center;\">Le site du club cyclotouriste et VTT\u00e9tiste<\/h3>\n<h2 style=\"text-align: center;\">La Roche-Blanche &#8211; Gergovie<\/h2>\n\n\n\n\n\n\n","protected":false},"excerpt":{"rendered":"<p>2024 : une nouvelle ann\u00e9e s&rsquo;ouvre et chacun a en t\u00eate de nouveaux challenges, des r\u00eaves de kilom\u00e8tres \u00e0 parcourir sur les routes, les chemins et les sentiers. Nous souhaitons \u00e0 chacun et chacune de trouver son plaisir dans des randonn\u00e9es partag\u00e9es dans une nature pr\u00e9serv\u00e9e. 16 juin : 32\u00e8 Gergovienne&nbsp; Cyclo et VTT Affiche [&hellip;]<\/p>\n","protected":false},"author":1,"featured_media":0,"parent":0,"menu_order":0,"comment_status":"open","ping_status":"closed","template":"","meta":{"saved_in_kubio":false,"ngg_post_thumbnail":0,"footnotes":""},"class_list":["post-1529","page","type-page","status-publish","hentry"],"kubio_ai_page_context":{"short_desc":"","purpose":"general"},"_links":{"self":[{"href":"https:\/\/www.ccrb63.fr\/wp\/index.php?rest_route=\/wp\/v2\/pages\/1529","targetHints":{"allow":["GET"]}}],"collection":[{"href":"https:\/\/www.ccrb63.fr\/wp\/index.php?rest_route=\/wp\/v2\/pages"}],"about":[{"href":"https:\/\/www.ccrb63.fr\/wp\/index.php?rest_route=\/wp\/v2\/types\/page"}],"author":[{"embeddable":true,"href":"https:\/\/www.ccrb63.fr\/wp\/index.php?rest_route=\/wp\/v2\/users\/1"}],"replies":[{"embeddable":true,"href":"https:\/\/www.ccrb63.fr\/wp\/index.php?rest_route=%2Fwp%2Fv2%2Fcomments&post=1529"}],"version-history":[{"count":132,"href":"https:\/\/www.ccrb63.fr\/wp\/index.php?rest_route=\/wp\/v2\/pages\/1529\/revisions"}],"predecessor-version":[{"id":3497,"href":"https:\/\/www.ccrb63.fr\/wp\/index.php?rest_route=\/wp\/v2\/pages\/1529\/revisions\/3497"}],"wp:attachment":[{"href":"https:\/\/www.ccrb63.fr\/wp\/index.php?rest_route=%2Fwp%2Fv2%2Fmedia&parent=1529"}],"curies":[{"name":"wp","href":"https:\/\/api.w.org\/{rel}","templated":true}]}}