{"id":1486,"date":"2020-03-24T15:30:53","date_gmt":"2020-03-24T14:30:53","guid":{"rendered":"http:\/\/www.ccrb63.fr\/wp\/?page_id=1486"},"modified":"2020-04-26T11:14:01","modified_gmt":"2020-04-26T09:14:01","slug":"connexion-ccrb","status":"publish","type":"page","link":"https:\/\/www.ccrb63.fr\/wp\/?page_id=1486","title":{"rendered":"Connexion CCRB"},"content":{"rendered":"\n<p style=\"text-align: center;\"><a href=\"..\/..\/ccrb6\/ccrb_connexion.html\">Pour demander l&rsquo;inscription et \/ ou acc\u00e9der<\/a>.<\/p>\n\n\n\n<p style=\"text-align: center;\"><a href=\"..\/..\/ccrb6\/ccrb_connexion.html\"><img loading=\"lazy\" decoding=\"async\" class=\"size-medium wp-image-1909 aligncenter\" src=\"http:\/\/www.ccrb63.fr\/wp\/wp-content\/uploads\/2020\/04\/Login-300x113.png\" alt=\"\" width=\"300\" height=\"113\" srcset=\"https:\/\/www.ccrb63.fr\/wp\/wp-content\/uploads\/2020\/04\/Login-300x113.png 300w, https:\/\/www.ccrb63.fr\/wp\/wp-content\/uploads\/2020\/04\/Login.png 370w\" sizes=\"(max-width: 300px) 100vw, 300px\" \/><\/a>La partie priv\u00e9e du site est r\u00e9serv\u00e9e aux membres du CCRB inscrits sur le site.<\/p>\n","protected":false},"excerpt":{"rendered":"<p>Pour demander l&rsquo;inscription et \/ ou acc\u00e9der. La partie priv\u00e9e du site est r\u00e9serv\u00e9e aux membres du CCRB inscrits sur le site.<\/p>\n","protected":false},"author":1,"featured_media":0,"parent":0,"menu_order":0,"comment_status":"closed","ping_status":"closed","template":"","meta":{"saved_in_kubio":false,"ngg_post_thumbnail":0,"footnotes":""},"class_list":["post-1486","page","type-page","status-publish","hentry"],"kubio_ai_page_context":{"short_desc":"","purpose":"general"},"_links":{"self":[{"href":"https:\/\/www.ccrb63.fr\/wp\/index.php?rest_route=\/wp\/v2\/pages\/1486","targetHints":{"allow":["GET"]}}],"collection":[{"href":"https:\/\/www.ccrb63.fr\/wp\/index.php?rest_route=\/wp\/v2\/pages"}],"about":[{"href":"https:\/\/www.ccrb63.fr\/wp\/index.php?rest_route=\/wp\/v2\/types\/page"}],"author":[{"embeddable":true,"href":"https:\/\/www.ccrb63.fr\/wp\/index.php?rest_route=\/wp\/v2\/users\/1"}],"replies":[{"embeddable":true,"href":"https:\/\/www.ccrb63.fr\/wp\/index.php?rest_route=%2Fwp%2Fv2%2Fcomments&post=1486"}],"version-history":[{"count":11,"href":"https:\/\/www.ccrb63.fr\/wp\/index.php?rest_route=\/wp\/v2\/pages\/1486\/revisions"}],"predecessor-version":[{"id":1919,"href":"https:\/\/www.ccrb63.fr\/wp\/index.php?rest_route=\/wp\/v2\/pages\/1486\/revisions\/1919"}],"wp:attachment":[{"href":"https:\/\/www.ccrb63.fr\/wp\/index.php?rest_route=%2Fwp%2Fv2%2Fmedia&parent=1486"}],"curies":[{"name":"wp","href":"https:\/\/api.w.org\/{rel}","templated":true}]}}